{"id":3,"date":"2020-08-02T19:35:37","date_gmt":"2020-08-03T00:35:37","guid":{"rendered":"https:\/\/sharkpro.com.mx\/?page_id=3"},"modified":"2021-06-02T11:48:46","modified_gmt":"2021-06-02T16:48:46","slug":"politicaprivacidad","status":"publish","type":"page","link":"https:\/\/sharkpro.com.mx\/en\/politicaprivacidad\/","title":{"rendered":"Politica de privacidad"},"content":{"rendered":"\n<p><strong>AVISO DE PRIVACIDAD<\/strong><\/p>\n\n\n\n<p>Edgar Eucario Flores Z\u00fa\u00f1iga, mejor conocido como Shark Producciones, con domicilio en calle La Quemada 358, Col Narvarte, Alcald\u00eda de Benito Ju\u00e1rez, Ciudad de M\u00e9xico, pa\u00eds M\u00e9xico, y portal de internet www.sharkpro.com.mx, es el responsable del uso y protecci\u00f3n de sus datos personales, y al respecto le informamos lo siguiente:<\/p>\n\n\n\n<p><strong>\u00bfPara qu\u00e9 fines utilizaremos sus datos personales?<\/strong><\/p>\n\n\n\n<p>Los datos personales que recabamos de usted, los utilizaremos para las siguientes finalidades que son necesarias para el servicio que solicita:<\/p>\n\n\n\n<ul class=\"wp-block-list\"><li>Elaboraci\u00f3n de contratos y ordenes de compra<\/li><li>Atenci\u00f3n al cliente<\/li><li>Seguimiento a requerimientos<\/li><\/ul>\n\n\n\n<p>De manera adicional, utilizaremos su informaci\u00f3n personal para las siguientes finalidades secundarias que <strong>no son necesarias<\/strong> para el servicio solicitado, pero que nos permiten y facilitan brindarle una mejor atenci\u00f3n:<\/p>\n\n\n\n<ul class=\"wp-block-list\"><li>Env\u00edo de cotizaciones y propuestas<\/li><li>Env\u00edo de promociones y comunicados<\/li><li>Generaci\u00f3n de base de datos interna<\/li><li>Mercadotecnia o publicitaria<\/li><li>Prospecci\u00f3n comercial<\/li><\/ul>\n\n\n\n<p>En caso de que no desee que sus datos personales se utilicen para estos fines secundarios, ind\u00edquelo a continuaci\u00f3n:<\/p>\n\n\n\n<p>No consiento que mis datos personales se utilicen para los siguientes fines:<\/p>\n\n\n\n<p>[&nbsp; ] Env\u00edo de cotizaciones y propuestas<\/p>\n\n\n\n<p>[&nbsp; ] Env\u00edo de promociones y comunicados<\/p>\n\n\n\n<p>[&nbsp; ] Generaci\u00f3n de base de datos interna<\/p>\n\n\n\n<p>[&nbsp; ] Mercadotecnia o publicitaria<\/p>\n\n\n\n<p>[&nbsp; ] Prospecci\u00f3n comercial<\/p>\n\n\n\n<p>La negativa para el uso de sus datos personales para estas finalidades no podr\u00e1 ser un motivo para que le neguemos los servicios y productos que solicita o contrata con nosotros.<\/p>\n\n\n\n<p><strong>\u00bfQu\u00e9 datos personales utilizaremos para estos fines?<\/strong><\/p>\n\n\n\n<p>Para llevar a cabo las finalidades descritas en el presente aviso de privacidad, utilizaremos los siguientes datos personales:<\/p>\n\n\n\n<ul class=\"wp-block-list\"><li>Nombre<\/li><li>Registro Federal de Contribuyentes(RFC)<\/li><li>Clave \u00fanica de Registro de Poblaci\u00f3n (CURP)<\/li><li>Lugar de nacimiento<\/li><li>Fecha de nacimiento<\/li><li>Nacionalidad<\/li><li>Domicilio<\/li><li>Tel\u00e9fono particular<\/li><li>Tel\u00e9fono celular<\/li><li>Correo electr\u00f3nico<\/li><li>Puesto o cargo que desempe\u00f1a<\/li><li>Domicilio de trabajo<\/li><li>Correo electr\u00f3nico institucional<\/li><li>Tel\u00e9fono institucional<\/li><li>Referencias laborales<\/li><li>Entradas al pa\u00eds<\/li><li>Salidas del pa\u00eds<\/li><li>Tiempo de permanencia en el pa\u00eds<\/li><li>Calidad migratoria<\/li><li>Derechos de residencia<\/li><li>Aseguramiento<\/li><li>Repatriaci\u00f3n<\/li><li>Bienes muebles<\/li><li>Bienes inmuebles<\/li><li>Cuentas bancarias<\/li><li>Datos de identificaci\u00f3n<\/li><li>Datos de contacto<\/li><li>Datos laborales<\/li><li>Datos migratorios<\/li><li>Datos patrimoniales y\/o financieros<\/li><\/ul>\n\n\n\n<p><strong>\u00bfC\u00f3mo puede acceder, rectificar o cancelar sus datos personales, u oponerse a su uso?<\/strong><\/p>\n\n\n\n<p>Usted tiene derecho a conocer qu\u00e9 datos personales tenemos de usted, para qu\u00e9 los utilizamos y las condiciones del uso que les damos (Acceso). Asimismo, es su derecho solicitar la correcci\u00f3n de su informaci\u00f3n personal en caso de que est\u00e9 desactualizada, sea inexacta o incompleta (Rectificaci\u00f3n); que la eliminemos de nuestros registros o bases de datos cuando considere que la misma no est\u00e1 siendo utilizada adecuadamente (Cancelaci\u00f3n); as\u00ed como oponerse al uso de sus datos personales para fines espec\u00edficos (Oposici\u00f3n). Estos derechos se conocen como derechos<\/p>\n\n\n\n<p>ARCO.<\/p>\n\n\n\n<p>Para el ejercicio de cualquiera de los derechos ARCO, usted deber\u00e1 presentar la solicitud respectiva a trav\u00e9s del siguiente medio:<\/p>\n\n\n\n<p>atencion@sharkpro.com.mx<\/p>\n\n\n\n<p>Para conocer el procedimiento y requisitos para el ejercicio de los derechos ARCO, ponemos a su disposici\u00f3n el siguiente medio:<\/p>\n\n\n\n<p>www.sharkpro.com.mx<\/p>\n\n\n\n<p>Los datos de contacto de la persona o departamento de datos personales, que est\u00e1 a cargo de dar tr\u00e1mite a las solicitudes de derechos ARCO, son los siguientes:<\/p>\n\n\n\n<ol class=\"wp-block-list\" type=\"a\"><li>Nombre de la persona o departamento de datos personales: Edgar Eucario Flores Z\u00fa\u00f1iga<\/li><li>Domicilio: La Quemada 358, Col Narvarte, Alcald\u00eda de Benito Ju\u00e1rez, Ciudad de M\u00e9xico<\/li><li>Correo electr\u00f3nico: edgar@sharkpro.com.mx<\/li><\/ol>\n\n\n\n<p>d) N\u00famero telef\u00f3nico: 5562351807<\/p>\n\n\n\n<p><strong>Usted puede revocar su consentimiento para el uso de sus datos personales<\/strong><\/p>\n\n\n\n<p>Usted puede revocar el consentimiento que, en su caso, nos haya otorgado para el tratamiento de sus datos personales. Sin embargo, es importante que tenga en cuenta que no en todos los casos podremos atender su solicitud o concluir el uso de forma inmediata, ya que es posible que por alguna obligaci\u00f3n legal requiramos seguir tratando sus datos personales. Asimismo, usted deber\u00e1 considerar que para ciertos fines, la revocaci\u00f3n de su consentimiento implicar\u00e1 que no le podamos seguir prestando el servicio que nos solicit\u00f3, o la conclusi\u00f3n de su relaci\u00f3n con nosotros.<\/p>\n\n\n\n<p>Para revocar su consentimiento deber\u00e1 presentar su solicitud a trav\u00e9s del siguiente medio:<\/p>\n\n\n\n<p>atencion@sharkpro.com.mx<\/p>\n\n\n\n<p>Para conocer el procedimiento y requisitos para la revocaci\u00f3n del consentimiento, ponemos a su disposici\u00f3n el siguiente medio:<\/p>\n\n\n\n<p>www.sharkpro.com.mx<\/p>\n\n\n\n<p><strong>\u00bfC\u00f3mo puede limitar el uso o divulgaci\u00f3n de su informaci\u00f3n personal?<\/strong><\/p>\n\n\n\n<p>Con objeto de que usted pueda limitar el uso y divulgaci\u00f3n de su informaci\u00f3n personal, le ofrecemos los siguientes medios:<\/p>\n\n\n\n<p>atencion@sharkpro.com.mx<\/p>\n\n\n\n<p><strong>El uso de tecnolog\u00edas de rastreo en nuestro portal de internet<\/strong><\/p>\n\n\n\n<p>Le informamos que en nuestra p\u00e1gina de internet utilizamos cookies, web beacons u otras tecnolog\u00edas, a trav\u00e9s de las cuales es posible monitorear su comportamiento como usuario de internet, as\u00ed como brindarle un mejor servicio y experiencia al navegar en nuestra p\u00e1gina. Los datos personales que recabamos a trav\u00e9s de estas tecnolog\u00edas, los utilizaremos para los siguientes fines:<\/p>\n\n\n\n<p>Mejorar experiencias de cliente<\/p>\n\n\n\n<p>Los datos personales que obtenemos de estas tecnolog\u00edas de rastreo son los siguientes:<\/p>\n\n\n\n<p>Regi\u00f3n en la que se encuentra el usuario Tipo de navegador del usuario<\/p>\n\n\n\n<p>Tipo de sistema operativo del usuario P\u00e1ginas web visitadas por un usuario B\u00fasquedas realizadas por un usuario Publicidad revisada por un usuario<\/p>\n\n\n\n<p><strong>\u00bfC\u00f3mo puede conocer los cambios en este aviso de privacidad?<\/strong><\/p>\n\n\n\n<p>El presente aviso de privacidad puede sufrir modificaciones, cambios o actualizaciones derivadas de nuevos requerimientos legales; de nuestras propias necesidades por los productos o servicios que ofrecemos; de nuestras pr\u00e1cticas de privacidad; de cambios en nuestro modelo de negocio, o por otras causas.<\/p>\n\n\n\n<p>Nos comprometemos a mantenerlo informado sobre los cambios que pueda sufrir el presente aviso de privacidad, a trav\u00e9s de: www.sharkpro.com.mx.<\/p>\n\n\n\n<p>El procedimiento a trav\u00e9s del cual se llevar\u00e1n a cabo las notificaciones sobre cambios o actualizaciones al presente aviso de privacidad es el siguiente:<\/p>\n\n\n\n<p>Desplegado en el \u00e1rea de aviso de privacidad<\/p>\n\n\n\n<p>\u00daltima actualizaci\u00f3n: 19\/06\/2021<\/p>\n","protected":false},"excerpt":{"rendered":"<p>AVISO DE PRIVACIDAD Edgar Eucario Flores Z\u00fa\u00f1iga, mejor conocido como Shark Producciones, con domicilio en calle La Quemada 358, Col Narvarte, Alcald\u00eda de Benito Ju\u00e1rez, Ciudad de M\u00e9xico, pa\u00eds M\u00e9xico, y portal de internet www.sharkpro.com.mx, es el responsable del uso y protecci\u00f3n de sus datos personales, y al respecto le informamos lo siguiente: \u00bfPara qu\u00e9 [&hellip;]<\/p>\n","protected":false},"author":1,"featured_media":0,"parent":0,"menu_order":0,"comment_status":"closed","ping_status":"closed","template":"","meta":{"site-sidebar-layout":"default","site-content-layout":"default","ast-site-content-layout":"default","site-content-style":"default","site-sidebar-style":"default","ast-global-header-display":"","ast-banner-title-visibility":"","ast-main-header-display":"","ast-hfb-above-header-display":"","ast-hfb-below-header-display":"","ast-hfb-mobile-header-display":"","site-post-title":"","ast-breadcrumbs-content":"","ast-featured-img":"","footer-sml-layout":"","ast-disable-related-posts":"","theme-transparent-header-meta":"default","adv-header-id-meta":"","stick-header-meta":"","header-above-stick-meta":"","header-main-stick-meta":"","header-below-stick-meta":"","astra-migrate-meta-layouts":"default","ast-page-background-enabled":"default","ast-page-background-meta":{"desktop":{"background-color":"","background-image":"","background-repeat":"repeat","background-position":"center center","background-size":"auto","background-attachment":"scroll","background-type":"","background-media":"","overlay-type":"","overlay-color":"","overlay-opacity":"","overlay-gradient":""},"tablet":{"background-color":"","background-image":"","background-repeat":"repeat","background-position":"center center","background-size":"auto","background-attachment":"scroll","background-type":"","background-media":"","overlay-type":"","overlay-color":"","overlay-opacity":"","overlay-gradient":""},"mobile":{"background-color":"","background-image":"","background-repeat":"repeat","background-position":"center center","background-size":"auto","background-attachment":"scroll","background-type":"","background-media":"","overlay-type":"","overlay-color":"","overlay-opacity":"","overlay-gradient":""}},"ast-content-background-meta":{"desktop":{"background-color":"var(--ast-global-color-5)","background-image":"","background-repeat":"repeat","background-position":"center center","background-size":"auto","background-attachment":"scroll","background-type":"","background-media":"","overlay-type":"","overlay-color":"","overlay-opacity":"","overlay-gradient":""},"tablet":{"background-color":"var(--ast-global-color-5)","background-image":"","background-repeat":"repeat","background-position":"center center","background-size":"auto","background-attachment":"scroll","background-type":"","background-media":"","overlay-type":"","overlay-color":"","overlay-opacity":"","overlay-gradient":""},"mobile":{"background-color":"var(--ast-global-color-5)","background-image":"","background-repeat":"repeat","background-position":"center center","background-size":"auto","background-attachment":"scroll","background-type":"","background-media":"","overlay-type":"","overlay-color":"","overlay-opacity":"","overlay-gradient":""}},"footnotes":""},"class_list":["post-3","page","type-page","status-publish","hentry"],"yoast_head":"<!-- This site is optimized with the Yoast SEO plugin v27.4 - https:\/\/yoast.com\/product\/yoast-seo-wordpress\/ -->\n<title>Politica de privacidad - Shark Producciones<\/title>\n<meta name=\"robots\" content=\"index, follow, max-snippet:-1, max-image-preview:large, max-video-preview:-1\" \/>\n<link rel=\"canonical\" href=\"https:\/\/sharkpro.com.mx\/en\/politicaprivacidad\/\" \/>\n<meta property=\"og:locale\" content=\"en_GB\" \/>\n<meta property=\"og:type\" content=\"article\" \/>\n<meta property=\"og:title\" content=\"Politica de privacidad - Shark Producciones\" \/>\n<meta property=\"og:description\" content=\"AVISO DE PRIVACIDAD Edgar Eucario Flores Z\u00fa\u00f1iga, mejor conocido como Shark Producciones, con domicilio en calle La Quemada 358, Col Narvarte, Alcald\u00eda de Benito Ju\u00e1rez, Ciudad de M\u00e9xico, pa\u00eds M\u00e9xico, y portal de internet www.sharkpro.com.mx, es el responsable del uso y protecci\u00f3n de sus datos personales, y al respecto le informamos lo siguiente: \u00bfPara qu\u00e9 [&hellip;]\" \/>\n<meta property=\"og:url\" content=\"https:\/\/sharkpro.com.mx\/en\/politicaprivacidad\/\" \/>\n<meta property=\"og:site_name\" content=\"Shark Producciones\" \/>\n<meta property=\"article:publisher\" content=\"https:\/\/www.facebook.com\/SharkProduccionesMx\" \/>\n<meta property=\"article:modified_time\" content=\"2021-06-02T16:48:46+00:00\" \/>\n<meta name=\"twitter:card\" content=\"summary_large_image\" \/>\n<meta name=\"twitter:label1\" content=\"Estimated reading time\" \/>\n\t<meta name=\"twitter:data1\" content=\"5 minutes\" \/>\n<script type=\"application\/ld+json\" class=\"yoast-schema-graph\">{\"@context\":\"https:\\\/\\\/schema.org\",\"@graph\":[{\"@type\":\"WebPage\",\"@id\":\"https:\\\/\\\/sharkpro.com.mx\\\/politicaprivacidad\\\/\",\"url\":\"https:\\\/\\\/sharkpro.com.mx\\\/politicaprivacidad\\\/\",\"name\":\"Politica de privacidad - Shark Producciones\",\"isPartOf\":{\"@id\":\"https:\\\/\\\/sharkpro.com.mx\\\/#website\"},\"datePublished\":\"2020-08-03T00:35:37+00:00\",\"dateModified\":\"2021-06-02T16:48:46+00:00\",\"breadcrumb\":{\"@id\":\"https:\\\/\\\/sharkpro.com.mx\\\/politicaprivacidad\\\/#breadcrumb\"},\"inLanguage\":\"en-GB\",\"potentialAction\":[{\"@type\":\"ReadAction\",\"target\":[\"https:\\\/\\\/sharkpro.com.mx\\\/politicaprivacidad\\\/\"]}]},{\"@type\":\"BreadcrumbList\",\"@id\":\"https:\\\/\\\/sharkpro.com.mx\\\/politicaprivacidad\\\/#breadcrumb\",\"itemListElement\":[{\"@type\":\"ListItem\",\"position\":1,\"name\":\"Portada\",\"item\":\"https:\\\/\\\/sharkpro.com.mx\\\/\"},{\"@type\":\"ListItem\",\"position\":2,\"name\":\"Politica de privacidad\"}]},{\"@type\":\"WebSite\",\"@id\":\"https:\\\/\\\/sharkpro.com.mx\\\/#website\",\"url\":\"https:\\\/\\\/sharkpro.com.mx\\\/\",\"name\":\"Shark Producciones\",\"description\":\"Eventos Exitosos\",\"publisher\":{\"@id\":\"https:\\\/\\\/sharkpro.com.mx\\\/#organization\"},\"potentialAction\":[{\"@type\":\"SearchAction\",\"target\":{\"@type\":\"EntryPoint\",\"urlTemplate\":\"https:\\\/\\\/sharkpro.com.mx\\\/?s={search_term_string}\"},\"query-input\":{\"@type\":\"PropertyValueSpecification\",\"valueRequired\":true,\"valueName\":\"search_term_string\"}}],\"inLanguage\":\"en-GB\"},{\"@type\":\"Organization\",\"@id\":\"https:\\\/\\\/sharkpro.com.mx\\\/#organization\",\"name\":\"Shark Producciones\",\"url\":\"https:\\\/\\\/sharkpro.com.mx\\\/\",\"logo\":{\"@type\":\"ImageObject\",\"inLanguage\":\"en-GB\",\"@id\":\"https:\\\/\\\/sharkpro.com.mx\\\/#\\\/schema\\\/logo\\\/image\\\/\",\"url\":\"https:\\\/\\\/sharkpro.com.mx\\\/wp-content\\\/uploads\\\/2020\\\/08\\\/Shark-Baja.jpeg\",\"contentUrl\":\"https:\\\/\\\/sharkpro.com.mx\\\/wp-content\\\/uploads\\\/2020\\\/08\\\/Shark-Baja.jpeg\",\"width\":588,\"height\":231,\"caption\":\"Shark Producciones\"},\"image\":{\"@id\":\"https:\\\/\\\/sharkpro.com.mx\\\/#\\\/schema\\\/logo\\\/image\\\/\"},\"sameAs\":[\"https:\\\/\\\/www.facebook.com\\\/SharkProduccionesMx\",\"https:\\\/\\\/www.instagram.com\\\/sharkproducciones\\\/\",\"https:\\\/\\\/www.linkedin.com\\\/company\\\/sharkpro\",\"https:\\\/\\\/www.pinterest.com.mx\\\/sharkproduccion\\\/\",\"https:\\\/\\\/www.youtube.com\\\/channel\\\/UC85_0XxXrwBDQID6D1rnHpA\"]}]}<\/script>\n<!-- \/ Yoast SEO plugin. -->","yoast_head_json":{"title":"Politica de privacidad - Shark Producciones","robots":{"index":"index","follow":"follow","max-snippet":"max-snippet:-1","max-image-preview":"max-image-preview:large","max-video-preview":"max-video-preview:-1"},"canonical":"https:\/\/sharkpro.com.mx\/en\/politicaprivacidad\/","og_locale":"en_GB","og_type":"article","og_title":"Politica de privacidad - Shark Producciones","og_description":"AVISO DE PRIVACIDAD Edgar Eucario Flores Z\u00fa\u00f1iga, mejor conocido como Shark Producciones, con domicilio en calle La Quemada 358, Col Narvarte, Alcald\u00eda de Benito Ju\u00e1rez, Ciudad de M\u00e9xico, pa\u00eds M\u00e9xico, y portal de internet www.sharkpro.com.mx, es el responsable del uso y protecci\u00f3n de sus datos personales, y al respecto le informamos lo siguiente: \u00bfPara qu\u00e9 [&hellip;]","og_url":"https:\/\/sharkpro.com.mx\/en\/politicaprivacidad\/","og_site_name":"Shark Producciones","article_publisher":"https:\/\/www.facebook.com\/SharkProduccionesMx","article_modified_time":"2021-06-02T16:48:46+00:00","twitter_card":"summary_large_image","twitter_misc":{"Estimated reading time":"5 minutes"},"schema":{"@context":"https:\/\/schema.org","@graph":[{"@type":"WebPage","@id":"https:\/\/sharkpro.com.mx\/politicaprivacidad\/","url":"https:\/\/sharkpro.com.mx\/politicaprivacidad\/","name":"Politica de privacidad - Shark Producciones","isPartOf":{"@id":"https:\/\/sharkpro.com.mx\/#website"},"datePublished":"2020-08-03T00:35:37+00:00","dateModified":"2021-06-02T16:48:46+00:00","breadcrumb":{"@id":"https:\/\/sharkpro.com.mx\/politicaprivacidad\/#breadcrumb"},"inLanguage":"en-GB","potentialAction":[{"@type":"ReadAction","target":["https:\/\/sharkpro.com.mx\/politicaprivacidad\/"]}]},{"@type":"BreadcrumbList","@id":"https:\/\/sharkpro.com.mx\/politicaprivacidad\/#breadcrumb","itemListElement":[{"@type":"ListItem","position":1,"name":"Portada","item":"https:\/\/sharkpro.com.mx\/"},{"@type":"ListItem","position":2,"name":"Politica de privacidad"}]},{"@type":"WebSite","@id":"https:\/\/sharkpro.com.mx\/#website","url":"https:\/\/sharkpro.com.mx\/","name":"Shark Producciones","description":"Successful Events","publisher":{"@id":"https:\/\/sharkpro.com.mx\/#organization"},"potentialAction":[{"@type":"SearchAction","target":{"@type":"EntryPoint","urlTemplate":"https:\/\/sharkpro.com.mx\/?s={search_term_string}"},"query-input":{"@type":"PropertyValueSpecification","valueRequired":true,"valueName":"search_term_string"}}],"inLanguage":"en-GB"},{"@type":"Organization","@id":"https:\/\/sharkpro.com.mx\/#organization","name":"Shark Producciones","url":"https:\/\/sharkpro.com.mx\/","logo":{"@type":"ImageObject","inLanguage":"en-GB","@id":"https:\/\/sharkpro.com.mx\/#\/schema\/logo\/image\/","url":"https:\/\/sharkpro.com.mx\/wp-content\/uploads\/2020\/08\/Shark-Baja.jpeg","contentUrl":"https:\/\/sharkpro.com.mx\/wp-content\/uploads\/2020\/08\/Shark-Baja.jpeg","width":588,"height":231,"caption":"Shark Producciones"},"image":{"@id":"https:\/\/sharkpro.com.mx\/#\/schema\/logo\/image\/"},"sameAs":["https:\/\/www.facebook.com\/SharkProduccionesMx","https:\/\/www.instagram.com\/sharkproducciones\/","https:\/\/www.linkedin.com\/company\/sharkpro","https:\/\/www.pinterest.com.mx\/sharkproduccion\/","https:\/\/www.youtube.com\/channel\/UC85_0XxXrwBDQID6D1rnHpA"]}]}},"_links":{"self":[{"href":"https:\/\/sharkpro.com.mx\/en\/wp-json\/wp\/v2\/pages\/3","targetHints":{"allow":["GET"]}}],"collection":[{"href":"https:\/\/sharkpro.com.mx\/en\/wp-json\/wp\/v2\/pages"}],"about":[{"href":"https:\/\/sharkpro.com.mx\/en\/wp-json\/wp\/v2\/types\/page"}],"author":[{"embeddable":true,"href":"https:\/\/sharkpro.com.mx\/en\/wp-json\/wp\/v2\/users\/1"}],"replies":[{"embeddable":true,"href":"https:\/\/sharkpro.com.mx\/en\/wp-json\/wp\/v2\/comments?post=3"}],"version-history":[{"count":2,"href":"https:\/\/sharkpro.com.mx\/en\/wp-json\/wp\/v2\/pages\/3\/revisions"}],"predecessor-version":[{"id":2058,"href":"https:\/\/sharkpro.com.mx\/en\/wp-json\/wp\/v2\/pages\/3\/revisions\/2058"}],"wp:attachment":[{"href":"https:\/\/sharkpro.com.mx\/en\/wp-json\/wp\/v2\/media?parent=3"}],"curies":[{"name":"wp","href":"https:\/\/api.w.org\/{rel}","templated":true}]}}